{"id":33159,"date":"2021-08-20T01:25:57","date_gmt":"2021-08-20T01:25:57","guid":{"rendered":"https:\/\/fpschampion.com\/privacidade\/"},"modified":"2023-06-06T04:12:17","modified_gmt":"2023-06-06T04:12:17","slug":"privacidade","status":"publish","type":"page","link":"https:\/\/fpschampion.com\/pt-br\/privacidade\/","title":{"rendered":"Privacidade"},"content":{"rendered":"\n<span data-ccpa-link=\"1\"><\/span>\n\n<a href=\"https:\/\/www.iubenda.com\/privacy-policy\/67897860\" class=\"iubenda-white no-brand iubenda-noiframe iubenda-embed iubenda-noiframe iub-body-embed\" title=\"pol\u00edtica de Privacidade\">pol\u00edtica de Privacidade<\/a><script type=\"text\/javascript\">(function (w,d) {var loader = function () {var s = d.createElement(\"script\"), tag = d.getElementsByTagName(\"script\")[0]; s.src=\"https:\/\/cdn.iubenda.com\/iubenda.js\"; tag.parentNode.insertBefore(s,tag);}; if(w.addEventListener){w.addEventListener(\"load\", loader, false);}else if(w.attachEvent){w.attachEvent(\"onload\", loader);}else{w.onload = loader;>(window, document);<\/script>\n\n<h3>Publicidade program\u00e1tica Mediavine (vers\u00e3o 1.1)<\/h3>\n<p>O site trabalha com a Mediavine para gerenciar a publicidade baseada em interesses de terceiros que aparece no site. A Mediavine oferece conte\u00fado e an\u00fancios quando voc\u00ea visita o site, que pode usar cookies pr\u00f3prios e de terceiros. Um cookie \u00e9 um pequeno arquivo de texto que \u00e9 enviado ao seu computador ou dispositivo m\u00f3vel (referido nesta pol\u00edtica como um \u201cdispositivo\u201d) pelo servidor da web para que um site possa lembrar algumas informa\u00e7\u00f5es sobre sua atividade de navega\u00e7\u00e3o no site.<\/p>\n<p>Os cookies prim\u00e1rios s\u00e3o criados pelo site que voc\u00ea est\u00e1 visitando. Um cookie de terceiros \u00e9 frequentemente usado em publicidade e an\u00e1lise comportamental e \u00e9 criado por um dom\u00ednio diferente do site que voc\u00ea est\u00e1 visitando. Cookies, tags, pixels, beacons e outras tecnologias semelhantes de terceiros (coletivamente, \u201cTags\u201d) podem ser colocados no site para monitorar a intera\u00e7\u00e3o com o conte\u00fado publicit\u00e1rio e para direcionar e otimizar a publicidade. Cada navegador da Internet possui uma funcionalidade para que voc\u00ea possa bloquear cookies prim\u00e1rios e de terceiros e limpar o cache do seu navegador. O recurso &#8220;ajuda&#8221; da barra de menu na maioria dos navegadores informa como parar de aceitar novos cookies, como receber notifica\u00e7\u00e3o de novos cookies, como desativar os cookies existentes e como limpar o cache do navegador. Para mais informa\u00e7\u00f5es sobre cookies e como desativ\u00e1-los, pode consultar a informa\u00e7\u00e3o em <a href=\"https:\/\/www.allaboutcookies.org\/manage-cookies\/\" target=\"_blank\" rel=\"noreferrer noopener nofollow\">All About Cookies<\/a> .<\/p>\n<p>Sem cookies, voc\u00ea pode n\u00e3o conseguir aproveitar ao m\u00e1ximo o conte\u00fado e os recursos do site. Observe que rejeitar cookies n\u00e3o significa que voc\u00ea n\u00e3o ver\u00e1 mais an\u00fancios quando visitar nosso Site. Caso opte por n\u00e3o participar, voc\u00ea ainda ver\u00e1 an\u00fancios n\u00e3o personalizados no site.<\/p>\n<p>O Site coleta os seguintes dados usando um cookie ao veicular an\u00fancios personalizados:<\/p>\n<ul><li>Endere\u00e7o de IP<\/li><li>Tipo de sistema operacional<\/li><li>Vers\u00e3o do sistema operacional<\/li><li>Tipo de dispositivo<\/li><li>Idioma do site<\/li><li>tipo de navegador<\/li><li>E-mail (em forma de hash)<\/li><\/ul>\n<p>Os parceiros da Mediavine (empresas listadas abaixo com as quais a Mediavine compartilha dados) tamb\u00e9m podem usar esses dados para vincular outras informa\u00e7\u00f5es do usu\u00e1rio final que o parceiro coletou independentemente para fornecer an\u00fancios direcionados. Os parceiros da Mediavine tamb\u00e9m podem coletar separadamente dados sobre usu\u00e1rios finais de outras fontes, como IDs de publicidade ou pixels, e vincular esses dados aos dados coletados dos editores da Mediavine para fornecer publicidade baseada em interesses em sua experi\u00eancia online, incluindo dispositivos, navegadores e aplicativos . Esses dados incluem dados de uso, informa\u00e7\u00f5es de cookies, informa\u00e7\u00f5es do dispositivo, informa\u00e7\u00f5es sobre intera\u00e7\u00f5es entre usu\u00e1rios e an\u00fancios e sites, dados de geolocaliza\u00e7\u00e3o, dados de tr\u00e1fego e informa\u00e7\u00f5es sobre a fonte de refer\u00eancia de um visitante para um determinado site. Os parceiros da Mediavine tamb\u00e9m podem criar IDs exclusivos para criar segmentos de p\u00fablico, que s\u00e3o usados para fornecer publicidade direcionada.<\/p>\n<p>Se voc\u00ea deseja obter mais informa\u00e7\u00f5es sobre essa pr\u00e1tica e conhecer suas op\u00e7\u00f5es para aceitar ou n\u00e3o essa coleta de dados, visite <a href=\"https:\/\/thenai.org\/opt-out\/\" target=\"_blank\" rel=\"noreferrer noopener nofollow\">a p\u00e1gina de exclus\u00e3o da National Advertising Initiative<\/a> . Voc\u00ea tamb\u00e9m pode visitar <a href=\"http:\/\/optout.aboutads.info\/#\/\" target=\"_blank\" rel=\"noreferrer noopener nofollow\">o site da Digital Advertising Alliance<\/a> e <a href=\"http:\/\/optout.networkadvertising.org\/#\" target=\"_blank\" rel=\"noreferrer noopener nofollow\">o site da Network Advertising Initiative<\/a> para obter mais informa\u00e7\u00f5es sobre publicidade com base em interesses. Voc\u00ea pode fazer o download do aplicativo AppChoices no <a href=\"https:\/\/youradchoices.com\/appchoices\" target=\"_blank\" rel=\"noreferrer noopener nofollow\">aplicativo AppChoices da Digital Advertising Alliance<\/a> para desativar aplicativos m\u00f3veis ou usar os controles da plataforma em seu dispositivo m\u00f3vel para desativar.<\/p>\n<p>Para obter informa\u00e7\u00f5es espec\u00edficas sobre os Parceiros Mediavine, os dados que cada um coleta e sua coleta de dados e pol\u00edticas de privacidade, visite <a href=\"https:\/\/www.mediavine.com\/ad-partners\/\" target=\"_blank\" rel=\"noreferrer noopener nofollow\">Parceiros Mediavine<\/a> .<\/p>\n","protected":false},"excerpt":{"rendered":"<p>pol\u00edtica de Privacidade Publicidade program\u00e1tica Mediavine (vers\u00e3o 1.1) O site trabalha com a Mediavine para gerenciar a publicidade baseada em interesses de terceiros que aparece no site. A Mediavine oferece conte\u00fado e an\u00fancios quando voc\u00ea visita o site, que pode usar cookies pr\u00f3prios e de terceiros. Um cookie \u00e9 um pequeno arquivo de texto que<\/p>\n","protected":false},"author":1,"featured_media":0,"parent":0,"menu_order":0,"comment_status":"closed","ping_status":"closed","template":"","meta":{"_relevanssi_hide_post":"","_relevanssi_hide_content":"","_relevanssi_pin_for_all":"","_relevanssi_pin_keywords":"","_relevanssi_unpin_keywords":"","_relevanssi_related_keywords":"","_relevanssi_related_include_ids":"","_relevanssi_related_exclude_ids":"","_relevanssi_related_no_append":"","_relevanssi_related_not_related":"","_relevanssi_related_posts":"","_relevanssi_noindex_reason":"","_monsterinsights_skip_tracking":false,"_monsterinsights_sitenote_active":false,"_monsterinsights_sitenote_note":"","_monsterinsights_sitenote_category":0,"footnotes":""},"class_list":["post-33159","page","type-page","status-publish"],"yoast_head":"<!-- This site is optimized with the Yoast SEO Premium plugin v21.5 (Yoast SEO v27.4) - https:\/\/yoast.com\/product\/yoast-seo-premium-wordpress\/ -->\n<title>Privacidade | FPS Champion<\/title>\n<meta name=\"robots\" content=\"index, follow, max-snippet:-1, max-image-preview:large, max-video-preview:-1\" \/>\n<link rel=\"canonical\" href=\"https:\/\/fpschampion.com\/pt-br\/privacidade\/\" \/>\n<meta property=\"og:locale\" content=\"pt_BR\" \/>\n<meta property=\"og:type\" content=\"article\" \/>\n<meta property=\"og:title\" content=\"Privacidade\" \/>\n<meta property=\"og:description\" content=\"pol\u00edtica de Privacidade Publicidade program\u00e1tica Mediavine (vers\u00e3o 1.1) O site trabalha com a Mediavine para gerenciar a publicidade baseada em interesses de terceiros que aparece no site. A Mediavine oferece conte\u00fado e an\u00fancios quando voc\u00ea visita o site, que pode usar cookies pr\u00f3prios e de terceiros. Um cookie \u00e9 um pequeno arquivo de texto que\" \/>\n<meta property=\"og:url\" content=\"https:\/\/fpschampion.com\/pt-br\/privacidade\/\" \/>\n<meta property=\"og:site_name\" content=\"FPS Champion\" \/>\n<meta property=\"article:modified_time\" content=\"2023-06-06T04:12:17+00:00\" \/>\n<meta name=\"twitter:card\" content=\"summary_large_image\" \/>\n<meta name=\"twitter:label1\" content=\"Est. tempo de leitura\" \/>\n\t<meta name=\"twitter:data1\" content=\"3 minutos\" \/>\n<script type=\"application\/ld+json\" class=\"yoast-schema-graph\">{\"@context\":\"https:\\\/\\\/schema.org\",\"@graph\":[{\"@type\":\"WebPage\",\"@id\":\"https:\\\/\\\/fpschampion.com\\\/pt-br\\\/privacidade\\\/\",\"url\":\"https:\\\/\\\/fpschampion.com\\\/pt-br\\\/privacidade\\\/\",\"name\":\"Privacidade | FPS Champion\",\"isPartOf\":{\"@id\":\"https:\\\/\\\/fpschampion.com\\\/pt-br\\\/#website\"},\"datePublished\":\"2021-08-20T01:25:57+00:00\",\"dateModified\":\"2023-06-06T04:12:17+00:00\",\"breadcrumb\":{\"@id\":\"https:\\\/\\\/fpschampion.com\\\/pt-br\\\/privacidade\\\/#breadcrumb\"},\"inLanguage\":\"pt-BR\",\"potentialAction\":[{\"@type\":\"ReadAction\",\"target\":[\"https:\\\/\\\/fpschampion.com\\\/pt-br\\\/privacidade\\\/\"]}]},{\"@type\":\"BreadcrumbList\",\"@id\":\"https:\\\/\\\/fpschampion.com\\\/pt-br\\\/privacidade\\\/#breadcrumb\",\"itemListElement\":[{\"@type\":\"ListItem\",\"position\":1,\"name\":\"Home\",\"item\":\"https:\\\/\\\/fpschampion.com\\\/pt-br\\\/inicio\\\/\"},{\"@type\":\"ListItem\",\"position\":2,\"name\":\"Privacidade\"}]},{\"@type\":\"WebSite\",\"@id\":\"https:\\\/\\\/fpschampion.com\\\/pt-br\\\/#website\",\"url\":\"https:\\\/\\\/fpschampion.com\\\/pt-br\\\/\",\"name\":\"FPS Champion\",\"description\":\"\",\"publisher\":{\"@id\":\"https:\\\/\\\/fpschampion.com\\\/pt-br\\\/#organization\"},\"potentialAction\":[{\"@type\":\"SearchAction\",\"target\":{\"@type\":\"EntryPoint\",\"urlTemplate\":\"https:\\\/\\\/fpschampion.com\\\/pt-br\\\/?s={search_term_string}\"},\"query-input\":{\"@type\":\"PropertyValueSpecification\",\"valueRequired\":true,\"valueName\":\"search_term_string\"}}],\"inLanguage\":\"pt-BR\"},{\"@type\":\"Organization\",\"@id\":\"https:\\\/\\\/fpschampion.com\\\/pt-br\\\/#organization\",\"name\":\"FPS Champion\",\"url\":\"https:\\\/\\\/fpschampion.com\\\/pt-br\\\/\",\"logo\":{\"@type\":\"ImageObject\",\"inLanguage\":\"pt-BR\",\"@id\":\"https:\\\/\\\/fpschampion.com\\\/pt-br\\\/#\\\/schema\\\/logo\\\/image\\\/\",\"url\":\"https:\\\/\\\/fpschampion.com\\\/wp-content\\\/uploads\\\/2022\\\/03\\\/cropped-logo-aquare-small.png\",\"contentUrl\":\"https:\\\/\\\/fpschampion.com\\\/wp-content\\\/uploads\\\/2022\\\/03\\\/cropped-logo-aquare-small.png\",\"width\":512,\"height\":512,\"caption\":\"FPS Champion\"},\"image\":{\"@id\":\"https:\\\/\\\/fpschampion.com\\\/pt-br\\\/#\\\/schema\\\/logo\\\/image\\\/\"}}]}<\/script>\n<!-- \/ Yoast SEO Premium plugin. -->","yoast_head_json":{"title":"Privacidade | FPS Champion","robots":{"index":"index","follow":"follow","max-snippet":"max-snippet:-1","max-image-preview":"max-image-preview:large","max-video-preview":"max-video-preview:-1"},"canonical":"https:\/\/fpschampion.com\/pt-br\/privacidade\/","og_locale":"pt_BR","og_type":"article","og_title":"Privacidade","og_description":"pol\u00edtica de Privacidade Publicidade program\u00e1tica Mediavine (vers\u00e3o 1.1) O site trabalha com a Mediavine para gerenciar a publicidade baseada em interesses de terceiros que aparece no site. A Mediavine oferece conte\u00fado e an\u00fancios quando voc\u00ea visita o site, que pode usar cookies pr\u00f3prios e de terceiros. Um cookie \u00e9 um pequeno arquivo de texto que","og_url":"https:\/\/fpschampion.com\/pt-br\/privacidade\/","og_site_name":"FPS Champion","article_modified_time":"2023-06-06T04:12:17+00:00","twitter_card":"summary_large_image","twitter_misc":{"Est. tempo de leitura":"3 minutos"},"schema":{"@context":"https:\/\/schema.org","@graph":[{"@type":"WebPage","@id":"https:\/\/fpschampion.com\/pt-br\/privacidade\/","url":"https:\/\/fpschampion.com\/pt-br\/privacidade\/","name":"Privacidade | FPS Champion","isPartOf":{"@id":"https:\/\/fpschampion.com\/pt-br\/#website"},"datePublished":"2021-08-20T01:25:57+00:00","dateModified":"2023-06-06T04:12:17+00:00","breadcrumb":{"@id":"https:\/\/fpschampion.com\/pt-br\/privacidade\/#breadcrumb"},"inLanguage":"pt-BR","potentialAction":[{"@type":"ReadAction","target":["https:\/\/fpschampion.com\/pt-br\/privacidade\/"]}]},{"@type":"BreadcrumbList","@id":"https:\/\/fpschampion.com\/pt-br\/privacidade\/#breadcrumb","itemListElement":[{"@type":"ListItem","position":1,"name":"Home","item":"https:\/\/fpschampion.com\/pt-br\/inicio\/"},{"@type":"ListItem","position":2,"name":"Privacidade"}]},{"@type":"WebSite","@id":"https:\/\/fpschampion.com\/pt-br\/#website","url":"https:\/\/fpschampion.com\/pt-br\/","name":"FPS Champion","description":"","publisher":{"@id":"https:\/\/fpschampion.com\/pt-br\/#organization"},"potentialAction":[{"@type":"SearchAction","target":{"@type":"EntryPoint","urlTemplate":"https:\/\/fpschampion.com\/pt-br\/?s={search_term_string}"},"query-input":{"@type":"PropertyValueSpecification","valueRequired":true,"valueName":"search_term_string"}}],"inLanguage":"pt-BR"},{"@type":"Organization","@id":"https:\/\/fpschampion.com\/pt-br\/#organization","name":"FPS Champion","url":"https:\/\/fpschampion.com\/pt-br\/","logo":{"@type":"ImageObject","inLanguage":"pt-BR","@id":"https:\/\/fpschampion.com\/pt-br\/#\/schema\/logo\/image\/","url":"https:\/\/fpschampion.com\/wp-content\/uploads\/2022\/03\/cropped-logo-aquare-small.png","contentUrl":"https:\/\/fpschampion.com\/wp-content\/uploads\/2022\/03\/cropped-logo-aquare-small.png","width":512,"height":512,"caption":"FPS Champion"},"image":{"@id":"https:\/\/fpschampion.com\/pt-br\/#\/schema\/logo\/image\/"}}]}},"_links":{"self":[{"href":"https:\/\/fpschampion.com\/pt-br\/wp-json\/wp\/v2\/pages\/33159","targetHints":{"allow":["GET"]}}],"collection":[{"href":"https:\/\/fpschampion.com\/pt-br\/wp-json\/wp\/v2\/pages"}],"about":[{"href":"https:\/\/fpschampion.com\/pt-br\/wp-json\/wp\/v2\/types\/page"}],"author":[{"embeddable":true,"href":"https:\/\/fpschampion.com\/pt-br\/wp-json\/wp\/v2\/users\/1"}],"replies":[{"embeddable":true,"href":"https:\/\/fpschampion.com\/pt-br\/wp-json\/wp\/v2\/comments?post=33159"}],"version-history":[{"count":1,"href":"https:\/\/fpschampion.com\/pt-br\/wp-json\/wp\/v2\/pages\/33159\/revisions"}],"predecessor-version":[{"id":33160,"href":"https:\/\/fpschampion.com\/pt-br\/wp-json\/wp\/v2\/pages\/33159\/revisions\/33160"}],"wp:attachment":[{"href":"https:\/\/fpschampion.com\/pt-br\/wp-json\/wp\/v2\/media?parent=33159"}],"curies":[{"name":"wp","href":"https:\/\/api.w.org\/{rel}","templated":true}]}}