{"id":33161,"date":"2021-08-20T01:25:57","date_gmt":"2021-08-20T01:25:57","guid":{"rendered":"https:\/\/fpschampion.com\/riservatezza\/"},"modified":"2023-06-06T04:12:17","modified_gmt":"2023-06-06T04:12:17","slug":"riservatezza","status":"publish","type":"page","link":"https:\/\/fpschampion.com\/it\/riservatezza\/","title":{"rendered":"Riservatezza"},"content":{"rendered":"\n<span data-ccpa-link=\"1\"><\/span>\n\n<a href=\"https:\/\/www.iubenda.com\/privacy-policy\/67897860\" class=\"iubenda-white no-brand iubenda-noiframe iubenda-embed iubenda-noiframe iub-body-embed\" title=\"politica sulla riservatezza\">politica sulla riservatezza<\/a><script type=\"text\/javascript\">(function (w,d) {var loader = function () {var s = d.createElement(\"script\"), tag = d.getElementsByTagName(\"script\")[0]; s.src=\"https:\/\/cdn.iubenda.com\/iubenda.js\"; tag.parentNode.insertBefore(s,tag);}; if(w.addEventListener){w.addEventListener(\"load\", loader, false);}else if(w.attachEvent){w.attachEvent(\"onload\", loader);}else{w.onload = loader;>(window, document);<\/script>\n\n<h3>Pubblicit\u00e0 programmatica Mediavine (Ver 1.1)<\/h3>\n<p>Il sito Web collabora con Mediavine per gestire la pubblicit\u00e0 basata sugli interessi di terze parti che appare sul sito Web. Mediavine pubblica contenuti e pubblicit\u00e0 quando visiti il \u200b\u200bsito Web, che pu\u00f2 utilizzare cookie proprietari e di terze parti. Un cookie \u00e8 un piccolo file di testo che viene inviato al tuo computer o dispositivo mobile (indicato in questa politica come &#8220;dispositivo&#8221;) dal server web in modo che un sito web possa ricordare alcune informazioni sulla tua attivit\u00e0 di navigazione sul sito web.<\/p>\n<p>I cookie di prima parte vengono creati dal sito web che stai visitando. Un cookie di terze parti viene spesso utilizzato nella pubblicit\u00e0 comportamentale e nell&#8217;analisi ed \u00e8 creato da un dominio diverso dal sito web che stai visitando. Cookie, tag, pixel, beacon e altre tecnologie simili di terze parti (collettivamente, &#8220;Tag&#8221;) possono essere inseriti nel Sito Web per monitorare l&#8217;interazione con i contenuti pubblicitari e per indirizzare e ottimizzare la pubblicit\u00e0. Ciascun browser Internet dispone di funzionalit\u00e0 che consentono di bloccare i cookie proprietari e di terze parti e di svuotare la cache del browser. La funzione &#8220;aiuto&#8221; della barra dei menu sulla maggior parte dei browser ti dir\u00e0 come smettere di accettare nuovi cookie, come ricevere notifiche di nuovi cookie, come disabilitare i cookie esistenti e come svuotare la cache del tuo browser. Per ulteriori informazioni sui cookie e su come disabilitarli, \u00e8 possibile consultare l&#8217;informativa all&#8217;indirizzo <a href=\"https:\/\/www.allaboutcookies.org\/manage-cookies\/\" target=\"_blank\" rel=\"noreferrer noopener nofollow\">All About Cookies<\/a> .<\/p>\n<p>Senza i cookie potresti non essere in grado di sfruttare appieno i contenuti e le funzionalit\u00e0 del sito web. Tieni presente che il rifiuto dei cookie non significa che non vedrai pi\u00f9 annunci quando visiti il \u200b\u200bnostro sito. In caso di recesso, continuerai a visualizzare annunci non personalizzati sul sito web.<\/p>\n<p>Il sito Web raccoglie i seguenti dati utilizzando un cookie durante la pubblicazione di annunci personalizzati:<\/p>\n<ul><li>Indirizzo IP<\/li><li>Tipo di sistema operativo<\/li><li>Versione del sistema operativo<\/li><li>Tipo di dispositivo<\/li><li>Lingua del sito web<\/li><li>Tipo di browser web<\/li><li>Email (in formato hash)<\/li><\/ul>\n<p>Mediavine Partners (societ\u00e0 elencate di seguito con cui Mediavine condivide i dati) pu\u00f2 anche utilizzare questi dati per collegarsi ad altre informazioni sull&#8217;utente finale che il partner ha raccolto in modo indipendente per fornire pubblicit\u00e0 mirate. I partner Mediavine possono anche raccogliere separatamente dati sugli utenti finali da altre fonti, come ID pubblicitari o pixel, e collegare tali dati ai dati raccolti dagli editori Mediavine al fine di fornire pubblicit\u00e0 basata sugli interessi attraverso la tua esperienza online, inclusi dispositivi, browser e app. . Questi dati includono dati sull&#8217;utilizzo, informazioni sui cookie, informazioni sul dispositivo, informazioni sulle interazioni tra utenti e pubblicit\u00e0 e siti Web, dati di geolocalizzazione, dati sul traffico e informazioni sulla fonte di riferimento di un visitatore a un determinato sito Web. I partner di Mediavine possono anche creare ID univoci per creare segmenti di pubblico, che vengono utilizzati per fornire pubblicit\u00e0 mirata.<\/p>\n<p>Se desideri maggiori informazioni su questa pratica e per conoscere le tue scelte di attivazione o disattivazione di questa raccolta di dati, visita <a href=\"https:\/\/thenai.org\/opt-out\/\" target=\"_blank\" rel=\"noreferrer noopener nofollow\">la pagina di disattivazione della National Advertising Initiative<\/a> . Puoi anche visitare <a href=\"http:\/\/optout.aboutads.info\/#\/\" target=\"_blank\" rel=\"noreferrer noopener nofollow\">il sito Web della Digital Advertising Alliance<\/a> e <a href=\"http:\/\/optout.networkadvertising.org\/#\" target=\"_blank\" rel=\"noreferrer noopener nofollow\">il sito Web della Network Advertising Initiative<\/a> per ulteriori informazioni sulla pubblicit\u00e0 basata sugli interessi. \u00c8 possibile scaricare l&#8217;app AppChoices <a href=\"https:\/\/youradchoices.com\/appchoices\" target=\"_blank\" rel=\"noreferrer noopener nofollow\">dall&#8217;app AppChoices di Digital Advertising Alliance<\/a> per rinunciare in connessione con le app mobili o utilizzare i controlli della piattaforma sul proprio dispositivo mobile per rinunciare.<\/p>\n<p>Per informazioni specifiche su Mediavine Partners, i dati che ciascuno raccoglie e le loro politiche sulla privacy e sulla raccolta dei dati, visitare <a href=\"https:\/\/www.mediavine.com\/ad-partners\/\" target=\"_blank\" rel=\"noreferrer noopener nofollow\">Mediavine Partners<\/a> .<\/p>\n","protected":false},"excerpt":{"rendered":"<p>politica sulla riservatezza Pubblicit\u00e0 programmatica Mediavine (Ver 1.1) Il sito Web collabora con Mediavine per gestire la pubblicit\u00e0 basata sugli interessi di terze parti che appare sul sito Web. Mediavine pubblica contenuti e pubblicit\u00e0 quando visiti il \u200b\u200bsito Web, che pu\u00f2 utilizzare cookie proprietari e di terze parti. Un cookie \u00e8 un piccolo file di<\/p>\n","protected":false},"author":1,"featured_media":0,"parent":0,"menu_order":0,"comment_status":"closed","ping_status":"closed","template":"","meta":{"_relevanssi_hide_post":"","_relevanssi_hide_content":"","_relevanssi_pin_for_all":"","_relevanssi_pin_keywords":"","_relevanssi_unpin_keywords":"","_relevanssi_related_keywords":"","_relevanssi_related_include_ids":"","_relevanssi_related_exclude_ids":"","_relevanssi_related_no_append":"","_relevanssi_related_not_related":"","_relevanssi_related_posts":"","_relevanssi_noindex_reason":"","_monsterinsights_skip_tracking":false,"_monsterinsights_sitenote_active":false,"_monsterinsights_sitenote_note":"","_monsterinsights_sitenote_category":0,"footnotes":""},"class_list":["post-33161","page","type-page","status-publish"],"yoast_head":"<!-- This site is optimized with the Yoast SEO Premium plugin v21.5 (Yoast SEO v27.4) - https:\/\/yoast.com\/product\/yoast-seo-premium-wordpress\/ -->\n<title>Riservatezza | FPS Champion<\/title>\n<meta name=\"robots\" content=\"index, follow, max-snippet:-1, max-image-preview:large, max-video-preview:-1\" \/>\n<link rel=\"canonical\" href=\"https:\/\/fpschampion.com\/it\/riservatezza\/\" \/>\n<meta property=\"og:locale\" content=\"it_IT\" \/>\n<meta property=\"og:type\" content=\"article\" \/>\n<meta property=\"og:title\" content=\"Riservatezza\" \/>\n<meta property=\"og:description\" content=\"politica sulla riservatezza Pubblicit\u00e0 programmatica Mediavine (Ver 1.1) Il sito Web collabora con Mediavine per gestire la pubblicit\u00e0 basata sugli interessi di terze parti che appare sul sito Web. Mediavine pubblica contenuti e pubblicit\u00e0 quando visiti il \u200b\u200bsito Web, che pu\u00f2 utilizzare cookie proprietari e di terze parti. Un cookie \u00e8 un piccolo file di\" \/>\n<meta property=\"og:url\" content=\"https:\/\/fpschampion.com\/it\/riservatezza\/\" \/>\n<meta property=\"og:site_name\" content=\"FPS Champion\" \/>\n<meta property=\"article:modified_time\" content=\"2023-06-06T04:12:17+00:00\" \/>\n<meta name=\"twitter:card\" content=\"summary_large_image\" \/>\n<meta name=\"twitter:label1\" content=\"Tempo di lettura stimato\" \/>\n\t<meta name=\"twitter:data1\" content=\"3 minuti\" \/>\n<script type=\"application\/ld+json\" class=\"yoast-schema-graph\">{\"@context\":\"https:\\\/\\\/schema.org\",\"@graph\":[{\"@type\":\"WebPage\",\"@id\":\"https:\\\/\\\/fpschampion.com\\\/it\\\/riservatezza\\\/\",\"url\":\"https:\\\/\\\/fpschampion.com\\\/it\\\/riservatezza\\\/\",\"name\":\"Riservatezza | FPS Champion\",\"isPartOf\":{\"@id\":\"https:\\\/\\\/fpschampion.com\\\/it\\\/#website\"},\"datePublished\":\"2021-08-20T01:25:57+00:00\",\"dateModified\":\"2023-06-06T04:12:17+00:00\",\"breadcrumb\":{\"@id\":\"https:\\\/\\\/fpschampion.com\\\/it\\\/riservatezza\\\/#breadcrumb\"},\"inLanguage\":\"it-IT\",\"potentialAction\":[{\"@type\":\"ReadAction\",\"target\":[\"https:\\\/\\\/fpschampion.com\\\/it\\\/riservatezza\\\/\"]}]},{\"@type\":\"BreadcrumbList\",\"@id\":\"https:\\\/\\\/fpschampion.com\\\/it\\\/riservatezza\\\/#breadcrumb\",\"itemListElement\":[{\"@type\":\"ListItem\",\"position\":1,\"name\":\"Home\",\"item\":\"https:\\\/\\\/fpschampion.com\\\/it\\\/\"},{\"@type\":\"ListItem\",\"position\":2,\"name\":\"Riservatezza\"}]},{\"@type\":\"WebSite\",\"@id\":\"https:\\\/\\\/fpschampion.com\\\/it\\\/#website\",\"url\":\"https:\\\/\\\/fpschampion.com\\\/it\\\/\",\"name\":\"FPS Champion\",\"description\":\"\",\"publisher\":{\"@id\":\"https:\\\/\\\/fpschampion.com\\\/it\\\/#organization\"},\"potentialAction\":[{\"@type\":\"SearchAction\",\"target\":{\"@type\":\"EntryPoint\",\"urlTemplate\":\"https:\\\/\\\/fpschampion.com\\\/it\\\/?s={search_term_string}\"},\"query-input\":{\"@type\":\"PropertyValueSpecification\",\"valueRequired\":true,\"valueName\":\"search_term_string\"}}],\"inLanguage\":\"it-IT\"},{\"@type\":\"Organization\",\"@id\":\"https:\\\/\\\/fpschampion.com\\\/it\\\/#organization\",\"name\":\"FPS Champion\",\"url\":\"https:\\\/\\\/fpschampion.com\\\/it\\\/\",\"logo\":{\"@type\":\"ImageObject\",\"inLanguage\":\"it-IT\",\"@id\":\"https:\\\/\\\/fpschampion.com\\\/it\\\/#\\\/schema\\\/logo\\\/image\\\/\",\"url\":\"https:\\\/\\\/fpschampion.com\\\/wp-content\\\/uploads\\\/2022\\\/03\\\/cropped-logo-aquare-small.png\",\"contentUrl\":\"https:\\\/\\\/fpschampion.com\\\/wp-content\\\/uploads\\\/2022\\\/03\\\/cropped-logo-aquare-small.png\",\"width\":512,\"height\":512,\"caption\":\"FPS Champion\"},\"image\":{\"@id\":\"https:\\\/\\\/fpschampion.com\\\/it\\\/#\\\/schema\\\/logo\\\/image\\\/\"}}]}<\/script>\n<!-- \/ Yoast SEO Premium plugin. -->","yoast_head_json":{"title":"Riservatezza | FPS Champion","robots":{"index":"index","follow":"follow","max-snippet":"max-snippet:-1","max-image-preview":"max-image-preview:large","max-video-preview":"max-video-preview:-1"},"canonical":"https:\/\/fpschampion.com\/it\/riservatezza\/","og_locale":"it_IT","og_type":"article","og_title":"Riservatezza","og_description":"politica sulla riservatezza Pubblicit\u00e0 programmatica Mediavine (Ver 1.1) Il sito Web collabora con Mediavine per gestire la pubblicit\u00e0 basata sugli interessi di terze parti che appare sul sito Web. Mediavine pubblica contenuti e pubblicit\u00e0 quando visiti il \u200b\u200bsito Web, che pu\u00f2 utilizzare cookie proprietari e di terze parti. Un cookie \u00e8 un piccolo file di","og_url":"https:\/\/fpschampion.com\/it\/riservatezza\/","og_site_name":"FPS Champion","article_modified_time":"2023-06-06T04:12:17+00:00","twitter_card":"summary_large_image","twitter_misc":{"Tempo di lettura stimato":"3 minuti"},"schema":{"@context":"https:\/\/schema.org","@graph":[{"@type":"WebPage","@id":"https:\/\/fpschampion.com\/it\/riservatezza\/","url":"https:\/\/fpschampion.com\/it\/riservatezza\/","name":"Riservatezza | FPS Champion","isPartOf":{"@id":"https:\/\/fpschampion.com\/it\/#website"},"datePublished":"2021-08-20T01:25:57+00:00","dateModified":"2023-06-06T04:12:17+00:00","breadcrumb":{"@id":"https:\/\/fpschampion.com\/it\/riservatezza\/#breadcrumb"},"inLanguage":"it-IT","potentialAction":[{"@type":"ReadAction","target":["https:\/\/fpschampion.com\/it\/riservatezza\/"]}]},{"@type":"BreadcrumbList","@id":"https:\/\/fpschampion.com\/it\/riservatezza\/#breadcrumb","itemListElement":[{"@type":"ListItem","position":1,"name":"Home","item":"https:\/\/fpschampion.com\/it\/"},{"@type":"ListItem","position":2,"name":"Riservatezza"}]},{"@type":"WebSite","@id":"https:\/\/fpschampion.com\/it\/#website","url":"https:\/\/fpschampion.com\/it\/","name":"FPS Champion","description":"","publisher":{"@id":"https:\/\/fpschampion.com\/it\/#organization"},"potentialAction":[{"@type":"SearchAction","target":{"@type":"EntryPoint","urlTemplate":"https:\/\/fpschampion.com\/it\/?s={search_term_string}"},"query-input":{"@type":"PropertyValueSpecification","valueRequired":true,"valueName":"search_term_string"}}],"inLanguage":"it-IT"},{"@type":"Organization","@id":"https:\/\/fpschampion.com\/it\/#organization","name":"FPS Champion","url":"https:\/\/fpschampion.com\/it\/","logo":{"@type":"ImageObject","inLanguage":"it-IT","@id":"https:\/\/fpschampion.com\/it\/#\/schema\/logo\/image\/","url":"https:\/\/fpschampion.com\/wp-content\/uploads\/2022\/03\/cropped-logo-aquare-small.png","contentUrl":"https:\/\/fpschampion.com\/wp-content\/uploads\/2022\/03\/cropped-logo-aquare-small.png","width":512,"height":512,"caption":"FPS Champion"},"image":{"@id":"https:\/\/fpschampion.com\/it\/#\/schema\/logo\/image\/"}}]}},"_links":{"self":[{"href":"https:\/\/fpschampion.com\/it\/wp-json\/wp\/v2\/pages\/33161","targetHints":{"allow":["GET"]}}],"collection":[{"href":"https:\/\/fpschampion.com\/it\/wp-json\/wp\/v2\/pages"}],"about":[{"href":"https:\/\/fpschampion.com\/it\/wp-json\/wp\/v2\/types\/page"}],"author":[{"embeddable":true,"href":"https:\/\/fpschampion.com\/it\/wp-json\/wp\/v2\/users\/1"}],"replies":[{"embeddable":true,"href":"https:\/\/fpschampion.com\/it\/wp-json\/wp\/v2\/comments?post=33161"}],"version-history":[{"count":1,"href":"https:\/\/fpschampion.com\/it\/wp-json\/wp\/v2\/pages\/33161\/revisions"}],"predecessor-version":[{"id":33162,"href":"https:\/\/fpschampion.com\/it\/wp-json\/wp\/v2\/pages\/33161\/revisions\/33162"}],"wp:attachment":[{"href":"https:\/\/fpschampion.com\/it\/wp-json\/wp\/v2\/media?parent=33161"}],"curies":[{"name":"wp","href":"https:\/\/api.w.org\/{rel}","templated":true}]}}