{"id":33177,"date":"2021-08-20T01:15:45","date_gmt":"2021-08-20T01:15:45","guid":{"rendered":"https:\/\/fpschampion.com\/a-propos\/"},"modified":"2023-06-06T04:20:20","modified_gmt":"2023-06-06T04:20:20","slug":"a-propos","status":"publish","type":"page","link":"https:\/\/fpschampion.com\/fr\/a-propos\/","title":{"rendered":"\u00c0 propos"},"content":{"rendered":"\n<p> Voulez-vous am\u00e9liorer vos comp\u00e9tences de tir \u00e0 la premi\u00e8re personne\u00a0? Vous \u00eates arriv\u00e9 au bon endroit. FPS Champion se consacre \u00e0 vous aider \u00e0 atteindre votre potentiel dans Valorant, CSGO et Overwatch. Que vous soyez un d\u00e9butant total ou un professionnel chevronn\u00e9, vous trouverez quelque chose d&rsquo;utile ici. <\/p>\n","protected":false},"excerpt":{"rendered":"<p>Voulez-vous am\u00e9liorer vos comp\u00e9tences de tir \u00e0 la premi\u00e8re personne\u00a0? Vous \u00eates arriv\u00e9 au bon endroit. FPS Champion se consacre \u00e0 vous aider \u00e0 atteindre votre potentiel dans Valorant, CSGO et Overwatch. Que vous soyez un d\u00e9butant total ou un professionnel chevronn\u00e9, vous trouverez quelque chose d&rsquo;utile ici.<\/p>\n","protected":false},"author":1,"featured_media":0,"parent":0,"menu_order":0,"comment_status":"closed","ping_status":"closed","template":"","meta":{"_relevanssi_hide_post":"","_relevanssi_hide_content":"","_relevanssi_pin_for_all":"","_relevanssi_pin_keywords":"","_relevanssi_unpin_keywords":"","_relevanssi_related_keywords":"","_relevanssi_related_include_ids":"","_relevanssi_related_exclude_ids":"","_relevanssi_related_no_append":"","_relevanssi_related_not_related":"","_relevanssi_related_posts":"","_relevanssi_noindex_reason":"","_monsterinsights_skip_tracking":false,"_monsterinsights_sitenote_active":false,"_monsterinsights_sitenote_note":"","_monsterinsights_sitenote_category":0,"footnotes":""},"class_list":["post-33177","page","type-page","status-publish"],"yoast_head":"<!-- This site is optimized with the Yoast SEO Premium plugin v21.5 (Yoast SEO v27.4) - https:\/\/yoast.com\/product\/yoast-seo-premium-wordpress\/ -->\n<title>\u00c0 propos | FPS Champion<\/title>\n<meta name=\"robots\" content=\"index, follow, max-snippet:-1, max-image-preview:large, max-video-preview:-1\" \/>\n<link rel=\"canonical\" href=\"https:\/\/fpschampion.com\/fr\/a-propos\/\" \/>\n<meta property=\"og:locale\" content=\"fr_FR\" \/>\n<meta property=\"og:type\" content=\"article\" \/>\n<meta property=\"og:title\" content=\"\u00c0 propos\" \/>\n<meta property=\"og:description\" content=\"Voulez-vous am\u00e9liorer vos comp\u00e9tences de tir \u00e0 la premi\u00e8re personne\u00a0? Vous \u00eates arriv\u00e9 au bon endroit. FPS Champion se consacre \u00e0 vous aider \u00e0 atteindre votre potentiel dans Valorant, CSGO et Overwatch. Que vous soyez un d\u00e9butant total ou un professionnel chevronn\u00e9, vous trouverez quelque chose d&rsquo;utile ici.\" \/>\n<meta property=\"og:url\" content=\"https:\/\/fpschampion.com\/fr\/a-propos\/\" \/>\n<meta property=\"og:site_name\" content=\"FPS Champion\" \/>\n<meta property=\"article:modified_time\" content=\"2023-06-06T04:20:20+00:00\" \/>\n<meta name=\"twitter:card\" content=\"summary_large_image\" \/>\n<script type=\"application\/ld+json\" class=\"yoast-schema-graph\">{\"@context\":\"https:\\\/\\\/schema.org\",\"@graph\":[{\"@type\":\"WebPage\",\"@id\":\"https:\\\/\\\/fpschampion.com\\\/fr\\\/a-propos\\\/\",\"url\":\"https:\\\/\\\/fpschampion.com\\\/fr\\\/a-propos\\\/\",\"name\":\"\u00c0 propos | FPS Champion\",\"isPartOf\":{\"@id\":\"https:\\\/\\\/fpschampion.com\\\/fr\\\/#website\"},\"datePublished\":\"2021-08-20T01:15:45+00:00\",\"dateModified\":\"2023-06-06T04:20:20+00:00\",\"breadcrumb\":{\"@id\":\"https:\\\/\\\/fpschampion.com\\\/fr\\\/a-propos\\\/#breadcrumb\"},\"inLanguage\":\"fr-FR\",\"potentialAction\":[{\"@type\":\"ReadAction\",\"target\":[\"https:\\\/\\\/fpschampion.com\\\/fr\\\/a-propos\\\/\"]}]},{\"@type\":\"BreadcrumbList\",\"@id\":\"https:\\\/\\\/fpschampion.com\\\/fr\\\/a-propos\\\/#breadcrumb\",\"itemListElement\":[{\"@type\":\"ListItem\",\"position\":1,\"name\":\"Home\",\"item\":\"https:\\\/\\\/fpschampion.com\\\/fr\\\/accueil\\\/\"},{\"@type\":\"ListItem\",\"position\":2,\"name\":\"\u00c0 propos\"}]},{\"@type\":\"WebSite\",\"@id\":\"https:\\\/\\\/fpschampion.com\\\/fr\\\/#website\",\"url\":\"https:\\\/\\\/fpschampion.com\\\/fr\\\/\",\"name\":\"FPS Champion\",\"description\":\"\",\"publisher\":{\"@id\":\"https:\\\/\\\/fpschampion.com\\\/fr\\\/#organization\"},\"potentialAction\":[{\"@type\":\"SearchAction\",\"target\":{\"@type\":\"EntryPoint\",\"urlTemplate\":\"https:\\\/\\\/fpschampion.com\\\/fr\\\/?s={search_term_string}\"},\"query-input\":{\"@type\":\"PropertyValueSpecification\",\"valueRequired\":true,\"valueName\":\"search_term_string\"}}],\"inLanguage\":\"fr-FR\"},{\"@type\":\"Organization\",\"@id\":\"https:\\\/\\\/fpschampion.com\\\/fr\\\/#organization\",\"name\":\"FPS Champion\",\"url\":\"https:\\\/\\\/fpschampion.com\\\/fr\\\/\",\"logo\":{\"@type\":\"ImageObject\",\"inLanguage\":\"fr-FR\",\"@id\":\"https:\\\/\\\/fpschampion.com\\\/fr\\\/#\\\/schema\\\/logo\\\/image\\\/\",\"url\":\"https:\\\/\\\/fpschampion.com\\\/wp-content\\\/uploads\\\/2022\\\/03\\\/cropped-logo-aquare-small.png\",\"contentUrl\":\"https:\\\/\\\/fpschampion.com\\\/wp-content\\\/uploads\\\/2022\\\/03\\\/cropped-logo-aquare-small.png\",\"width\":512,\"height\":512,\"caption\":\"FPS Champion\"},\"image\":{\"@id\":\"https:\\\/\\\/fpschampion.com\\\/fr\\\/#\\\/schema\\\/logo\\\/image\\\/\"}}]}<\/script>\n<!-- \/ Yoast SEO Premium plugin. -->","yoast_head_json":{"title":"\u00c0 propos | FPS Champion","robots":{"index":"index","follow":"follow","max-snippet":"max-snippet:-1","max-image-preview":"max-image-preview:large","max-video-preview":"max-video-preview:-1"},"canonical":"https:\/\/fpschampion.com\/fr\/a-propos\/","og_locale":"fr_FR","og_type":"article","og_title":"\u00c0 propos","og_description":"Voulez-vous am\u00e9liorer vos comp\u00e9tences de tir \u00e0 la premi\u00e8re personne\u00a0? Vous \u00eates arriv\u00e9 au bon endroit. FPS Champion se consacre \u00e0 vous aider \u00e0 atteindre votre potentiel dans Valorant, CSGO et Overwatch. Que vous soyez un d\u00e9butant total ou un professionnel chevronn\u00e9, vous trouverez quelque chose d&rsquo;utile ici.","og_url":"https:\/\/fpschampion.com\/fr\/a-propos\/","og_site_name":"FPS Champion","article_modified_time":"2023-06-06T04:20:20+00:00","twitter_card":"summary_large_image","schema":{"@context":"https:\/\/schema.org","@graph":[{"@type":"WebPage","@id":"https:\/\/fpschampion.com\/fr\/a-propos\/","url":"https:\/\/fpschampion.com\/fr\/a-propos\/","name":"\u00c0 propos | FPS Champion","isPartOf":{"@id":"https:\/\/fpschampion.com\/fr\/#website"},"datePublished":"2021-08-20T01:15:45+00:00","dateModified":"2023-06-06T04:20:20+00:00","breadcrumb":{"@id":"https:\/\/fpschampion.com\/fr\/a-propos\/#breadcrumb"},"inLanguage":"fr-FR","potentialAction":[{"@type":"ReadAction","target":["https:\/\/fpschampion.com\/fr\/a-propos\/"]}]},{"@type":"BreadcrumbList","@id":"https:\/\/fpschampion.com\/fr\/a-propos\/#breadcrumb","itemListElement":[{"@type":"ListItem","position":1,"name":"Home","item":"https:\/\/fpschampion.com\/fr\/accueil\/"},{"@type":"ListItem","position":2,"name":"\u00c0 propos"}]},{"@type":"WebSite","@id":"https:\/\/fpschampion.com\/fr\/#website","url":"https:\/\/fpschampion.com\/fr\/","name":"FPS Champion","description":"","publisher":{"@id":"https:\/\/fpschampion.com\/fr\/#organization"},"potentialAction":[{"@type":"SearchAction","target":{"@type":"EntryPoint","urlTemplate":"https:\/\/fpschampion.com\/fr\/?s={search_term_string}"},"query-input":{"@type":"PropertyValueSpecification","valueRequired":true,"valueName":"search_term_string"}}],"inLanguage":"fr-FR"},{"@type":"Organization","@id":"https:\/\/fpschampion.com\/fr\/#organization","name":"FPS Champion","url":"https:\/\/fpschampion.com\/fr\/","logo":{"@type":"ImageObject","inLanguage":"fr-FR","@id":"https:\/\/fpschampion.com\/fr\/#\/schema\/logo\/image\/","url":"https:\/\/fpschampion.com\/wp-content\/uploads\/2022\/03\/cropped-logo-aquare-small.png","contentUrl":"https:\/\/fpschampion.com\/wp-content\/uploads\/2022\/03\/cropped-logo-aquare-small.png","width":512,"height":512,"caption":"FPS Champion"},"image":{"@id":"https:\/\/fpschampion.com\/fr\/#\/schema\/logo\/image\/"}}]}},"_links":{"self":[{"href":"https:\/\/fpschampion.com\/fr\/wp-json\/wp\/v2\/pages\/33177","targetHints":{"allow":["GET"]}}],"collection":[{"href":"https:\/\/fpschampion.com\/fr\/wp-json\/wp\/v2\/pages"}],"about":[{"href":"https:\/\/fpschampion.com\/fr\/wp-json\/wp\/v2\/types\/page"}],"author":[{"embeddable":true,"href":"https:\/\/fpschampion.com\/fr\/wp-json\/wp\/v2\/users\/1"}],"replies":[{"embeddable":true,"href":"https:\/\/fpschampion.com\/fr\/wp-json\/wp\/v2\/comments?post=33177"}],"version-history":[{"count":1,"href":"https:\/\/fpschampion.com\/fr\/wp-json\/wp\/v2\/pages\/33177\/revisions"}],"predecessor-version":[{"id":33178,"href":"https:\/\/fpschampion.com\/fr\/wp-json\/wp\/v2\/pages\/33177\/revisions\/33178"}],"wp:attachment":[{"href":"https:\/\/fpschampion.com\/fr\/wp-json\/wp\/v2\/media?parent=33177"}],"curies":[{"name":"wp","href":"https:\/\/api.w.org\/{rel}","templated":true}]}}