{"id":33157,"date":"2021-08-20T01:25:57","date_gmt":"2021-08-20T01:25:57","guid":{"rendered":"https:\/\/fpschampion.com\/confidentialite\/"},"modified":"2023-06-06T04:11:29","modified_gmt":"2023-06-06T04:11:29","slug":"confidentialite","status":"publish","type":"page","link":"https:\/\/fpschampion.com\/fr\/confidentialite\/","title":{"rendered":"Confidentialit\u00e9"},"content":{"rendered":"\n<span data-ccpa-link=\"1\"><\/span>\n\n<a href=\"https:\/\/www.iubenda.com\/privacy-policy\/67897860\" class=\"iubenda-white no-brand iubenda-noiframe iubenda-embed iubenda-noiframe iub-body-embed\" title=\"politique de confidentialit\u00e9\">politique de confidentialit\u00e9<\/a><script type=\"text\/javascript\">(function (w,d) {var loader = function () {var s = d.createElement(\"script\"), tag = d.getElementsByTagName(\"script\")[0]; s.src=\"https:\/\/cdn.iubenda.com\/iubenda.js\"; tag.parentNode.insertBefore(s,tag);}; if(w.addEventListener){w.addEventListener(\"load\", loader, false);}else if(w.attachEvent){w.attachEvent(\"onload\", loader);}else{w.onload = loader;>(window, document);<\/script>\n\n<h3>Publicit\u00e9 programmatique Mediavine (Ver 1.1)<\/h3>\n<p>Le site Web travaille avec Mediavine pour g\u00e9rer la publicit\u00e9 bas\u00e9e sur les int\u00e9r\u00eats de tiers apparaissant sur le site Web. Mediavine diffuse du contenu et des publicit\u00e9s lorsque vous visitez le site Web, qui peut utiliser des cookies propri\u00e9taires et tiers. Un cookie est un petit fichier texte qui est envoy\u00e9 \u00e0 votre ordinateur ou appareil mobile (appel\u00e9 dans cette politique un \u00ab appareil \u00bb) par le serveur Web afin qu&rsquo;un site Web puisse m\u00e9moriser certaines informations sur votre activit\u00e9 de navigation sur le site Web.<\/p>\n<p>Les cookies propri\u00e9taires sont cr\u00e9\u00e9s par le site Web que vous visitez. Un cookie tiers est fr\u00e9quemment utilis\u00e9 dans la publicit\u00e9 et l&rsquo;analyse comportementales et est cr\u00e9\u00e9 par un domaine autre que le site Web que vous visitez. Des cookies tiers, des balises, des pixels, des balises et d&rsquo;autres technologies similaires (collectivement, les \u00abTags\u00bb) peuvent \u00eatre plac\u00e9s sur le site Web pour surveiller l&rsquo;interaction avec le contenu publicitaire et pour cibler et optimiser la publicit\u00e9. Chaque navigateur Internet dispose d&rsquo;une fonctionnalit\u00e9 vous permettant de bloquer les cookies propri\u00e9taires et tiers et d&rsquo;effacer le cache de votre navigateur. La fonction \u00ab\u00a0aide\u00a0\u00bb de la barre de menu de la plupart des navigateurs vous indiquera comment arr\u00eater d&rsquo;accepter de nouveaux cookies, comment recevoir une notification de nouveaux cookies, comment d\u00e9sactiver les cookies existants et comment vider le cache de votre navigateur. Pour plus d&rsquo;informations sur les cookies et comment les d\u00e9sactiver, vous pouvez consulter les informations sur <a href=\"https:\/\/www.allaboutcookies.org\/manage-cookies\/\" target=\"_blank\" rel=\"noreferrer noopener nofollow\">All About Cookies<\/a> .<\/p>\n<p>Sans cookies, vous ne pourrez peut-\u00eatre pas profiter pleinement du contenu et des fonctionnalit\u00e9s du site Web. Veuillez noter que le refus des cookies ne signifie pas que vous ne verrez plus de publicit\u00e9s lorsque vous visiterez notre Site. Si vous vous d\u00e9sabonnez, vous verrez toujours des publicit\u00e9s non personnalis\u00e9es sur le site Web.<\/p>\n<p>Le site Web collecte les donn\u00e9es suivantes \u00e0 l&rsquo;aide d&rsquo;un cookie lors de la diffusion d&rsquo;annonces personnalis\u00e9es\u00a0:<\/p>\n<ul><li>Adresse IP<\/li><li>Type de syst\u00e8me d&rsquo;exploitation<\/li><li>Version du syst\u00e8me d&rsquo;exploitation<\/li><li>Type d&rsquo;appareil<\/li><li>Langue du site<\/li><li>Type de navigateur Web<\/li><li>E-mail (sous forme hach\u00e9e)<\/li><\/ul>\n<p>Les partenaires de Mediavine (soci\u00e9t\u00e9s r\u00e9pertori\u00e9es ci-dessous avec lesquelles Mediavine partage des donn\u00e9es) peuvent \u00e9galement utiliser ces donn\u00e9es pour \u00e9tablir un lien avec d&rsquo;autres informations sur l&rsquo;utilisateur final que le partenaire a collect\u00e9es de mani\u00e8re ind\u00e9pendante pour diffuser des publicit\u00e9s cibl\u00e9es. Les partenaires Mediavine peuvent \u00e9galement collecter s\u00e9par\u00e9ment des donn\u00e9es sur les utilisateurs finaux \u00e0 partir d&rsquo;autres sources, telles que des identifiants publicitaires ou des pixels, et lier ces donn\u00e9es aux donn\u00e9es collect\u00e9es aupr\u00e8s des \u00e9diteurs Mediavine afin de fournir des publicit\u00e9s bas\u00e9es sur les centres d&rsquo;int\u00e9r\u00eat sur votre exp\u00e9rience en ligne, y compris les appareils, les navigateurs et les applications. . Ces donn\u00e9es comprennent des donn\u00e9es d&rsquo;utilisation, des informations sur les cookies, des informations sur l&rsquo;appareil, des informations sur les interactions entre les utilisateurs et les publicit\u00e9s et sites Web, des donn\u00e9es de g\u00e9olocalisation, des donn\u00e9es de trafic et des informations sur la source de r\u00e9f\u00e9rence d&rsquo;un visiteur vers un site Web particulier. Les partenaires de Mediavine peuvent \u00e9galement cr\u00e9er des identifiants uniques pour cr\u00e9er des segments d&rsquo;audience, qui sont utilis\u00e9s pour fournir des publicit\u00e9s cibl\u00e9es.<\/p>\n<p>Si vous souhaitez plus d&rsquo;informations sur cette pratique et conna\u00eetre vos choix d&rsquo;activation ou de d\u00e9sactivation de cette collecte de donn\u00e9es, veuillez visiter <a href=\"https:\/\/thenai.org\/opt-out\/\" target=\"_blank\" rel=\"noreferrer noopener nofollow\">la page de d\u00e9sactivation de la National Advertising Initiative<\/a> . Vous pouvez \u00e9galement visiter <a href=\"http:\/\/optout.aboutads.info\/#\/\" target=\"_blank\" rel=\"noreferrer noopener nofollow\">le site Web de la Digital Advertising Alliance<\/a> et <a href=\"http:\/\/optout.networkadvertising.org\/#\" target=\"_blank\" rel=\"noreferrer noopener nofollow\">le site Web de la Network Advertising Initiative<\/a> pour en savoir plus sur la publicit\u00e9 cibl\u00e9e par centres d&rsquo;int\u00e9r\u00eat. Vous pouvez t\u00e9l\u00e9charger l&rsquo;application AppChoices sur <a href=\"https:\/\/youradchoices.com\/appchoices\" target=\"_blank\" rel=\"noreferrer noopener nofollow\">l&rsquo;application AppChoices de Digital Advertising Alliance<\/a> pour vous d\u00e9sabonner des applications mobiles, ou utiliser les commandes de la plateforme sur votre appareil mobile pour vous d\u00e9sabonner.<\/p>\n<p>Pour des informations sp\u00e9cifiques sur Mediavine Partners, les donn\u00e9es que chacun collecte et leurs politiques de collecte de donn\u00e9es et de confidentialit\u00e9, veuillez visiter <a href=\"https:\/\/www.mediavine.com\/ad-partners\/\" target=\"_blank\" rel=\"noreferrer noopener nofollow\">Mediavine Partners<\/a> .<\/p>\n","protected":false},"excerpt":{"rendered":"<p>politique de confidentialit\u00e9 Publicit\u00e9 programmatique Mediavine (Ver 1.1) Le site Web travaille avec Mediavine pour g\u00e9rer la publicit\u00e9 bas\u00e9e sur les int\u00e9r\u00eats de tiers apparaissant sur le site Web. Mediavine diffuse du contenu et des publicit\u00e9s lorsque vous visitez le site Web, qui peut utiliser des cookies propri\u00e9taires et tiers. Un cookie est un petit<\/p>\n","protected":false},"author":1,"featured_media":0,"parent":0,"menu_order":0,"comment_status":"closed","ping_status":"closed","template":"","meta":{"_relevanssi_hide_post":"","_relevanssi_hide_content":"","_relevanssi_pin_for_all":"","_relevanssi_pin_keywords":"","_relevanssi_unpin_keywords":"","_relevanssi_related_keywords":"","_relevanssi_related_include_ids":"","_relevanssi_related_exclude_ids":"","_relevanssi_related_no_append":"","_relevanssi_related_not_related":"","_relevanssi_related_posts":"","_relevanssi_noindex_reason":"","_monsterinsights_skip_tracking":false,"_monsterinsights_sitenote_active":false,"_monsterinsights_sitenote_note":"","_monsterinsights_sitenote_category":0,"footnotes":""},"class_list":["post-33157","page","type-page","status-publish"],"yoast_head":"<!-- This site is optimized with the Yoast SEO Premium plugin v21.5 (Yoast SEO v27.4) - https:\/\/yoast.com\/product\/yoast-seo-premium-wordpress\/ -->\n<title>Confidentialit\u00e9 | FPS Champion<\/title>\n<meta name=\"robots\" content=\"index, follow, max-snippet:-1, max-image-preview:large, max-video-preview:-1\" \/>\n<link rel=\"canonical\" href=\"https:\/\/fpschampion.com\/fr\/confidentialite\/\" \/>\n<meta property=\"og:locale\" content=\"fr_FR\" \/>\n<meta property=\"og:type\" content=\"article\" \/>\n<meta property=\"og:title\" content=\"Confidentialit\u00e9\" \/>\n<meta property=\"og:description\" content=\"politique de confidentialit\u00e9 Publicit\u00e9 programmatique Mediavine (Ver 1.1) Le site Web travaille avec Mediavine pour g\u00e9rer la publicit\u00e9 bas\u00e9e sur les int\u00e9r\u00eats de tiers apparaissant sur le site Web. Mediavine diffuse du contenu et des publicit\u00e9s lorsque vous visitez le site Web, qui peut utiliser des cookies propri\u00e9taires et tiers. Un cookie est un petit\" \/>\n<meta property=\"og:url\" content=\"https:\/\/fpschampion.com\/fr\/confidentialite\/\" \/>\n<meta property=\"og:site_name\" content=\"FPS Champion\" \/>\n<meta property=\"article:modified_time\" content=\"2023-06-06T04:11:29+00:00\" \/>\n<meta name=\"twitter:card\" content=\"summary_large_image\" \/>\n<meta name=\"twitter:label1\" content=\"Dur\u00e9e de lecture estim\u00e9e\" \/>\n\t<meta name=\"twitter:data1\" content=\"4 minutes\" \/>\n<script type=\"application\/ld+json\" class=\"yoast-schema-graph\">{\"@context\":\"https:\\\/\\\/schema.org\",\"@graph\":[{\"@type\":\"WebPage\",\"@id\":\"https:\\\/\\\/fpschampion.com\\\/fr\\\/confidentialite\\\/\",\"url\":\"https:\\\/\\\/fpschampion.com\\\/fr\\\/confidentialite\\\/\",\"name\":\"Confidentialit\u00e9 | FPS Champion\",\"isPartOf\":{\"@id\":\"https:\\\/\\\/fpschampion.com\\\/fr\\\/#website\"},\"datePublished\":\"2021-08-20T01:25:57+00:00\",\"dateModified\":\"2023-06-06T04:11:29+00:00\",\"breadcrumb\":{\"@id\":\"https:\\\/\\\/fpschampion.com\\\/fr\\\/confidentialite\\\/#breadcrumb\"},\"inLanguage\":\"fr-FR\",\"potentialAction\":[{\"@type\":\"ReadAction\",\"target\":[\"https:\\\/\\\/fpschampion.com\\\/fr\\\/confidentialite\\\/\"]}]},{\"@type\":\"BreadcrumbList\",\"@id\":\"https:\\\/\\\/fpschampion.com\\\/fr\\\/confidentialite\\\/#breadcrumb\",\"itemListElement\":[{\"@type\":\"ListItem\",\"position\":1,\"name\":\"Home\",\"item\":\"https:\\\/\\\/fpschampion.com\\\/fr\\\/accueil\\\/\"},{\"@type\":\"ListItem\",\"position\":2,\"name\":\"Confidentialit\u00e9\"}]},{\"@type\":\"WebSite\",\"@id\":\"https:\\\/\\\/fpschampion.com\\\/fr\\\/#website\",\"url\":\"https:\\\/\\\/fpschampion.com\\\/fr\\\/\",\"name\":\"FPS Champion\",\"description\":\"\",\"publisher\":{\"@id\":\"https:\\\/\\\/fpschampion.com\\\/fr\\\/#organization\"},\"potentialAction\":[{\"@type\":\"SearchAction\",\"target\":{\"@type\":\"EntryPoint\",\"urlTemplate\":\"https:\\\/\\\/fpschampion.com\\\/fr\\\/?s={search_term_string}\"},\"query-input\":{\"@type\":\"PropertyValueSpecification\",\"valueRequired\":true,\"valueName\":\"search_term_string\"}}],\"inLanguage\":\"fr-FR\"},{\"@type\":\"Organization\",\"@id\":\"https:\\\/\\\/fpschampion.com\\\/fr\\\/#organization\",\"name\":\"FPS Champion\",\"url\":\"https:\\\/\\\/fpschampion.com\\\/fr\\\/\",\"logo\":{\"@type\":\"ImageObject\",\"inLanguage\":\"fr-FR\",\"@id\":\"https:\\\/\\\/fpschampion.com\\\/fr\\\/#\\\/schema\\\/logo\\\/image\\\/\",\"url\":\"https:\\\/\\\/fpschampion.com\\\/wp-content\\\/uploads\\\/2022\\\/03\\\/cropped-logo-aquare-small.png\",\"contentUrl\":\"https:\\\/\\\/fpschampion.com\\\/wp-content\\\/uploads\\\/2022\\\/03\\\/cropped-logo-aquare-small.png\",\"width\":512,\"height\":512,\"caption\":\"FPS Champion\"},\"image\":{\"@id\":\"https:\\\/\\\/fpschampion.com\\\/fr\\\/#\\\/schema\\\/logo\\\/image\\\/\"}}]}<\/script>\n<!-- \/ Yoast SEO Premium plugin. -->","yoast_head_json":{"title":"Confidentialit\u00e9 | FPS Champion","robots":{"index":"index","follow":"follow","max-snippet":"max-snippet:-1","max-image-preview":"max-image-preview:large","max-video-preview":"max-video-preview:-1"},"canonical":"https:\/\/fpschampion.com\/fr\/confidentialite\/","og_locale":"fr_FR","og_type":"article","og_title":"Confidentialit\u00e9","og_description":"politique de confidentialit\u00e9 Publicit\u00e9 programmatique Mediavine (Ver 1.1) Le site Web travaille avec Mediavine pour g\u00e9rer la publicit\u00e9 bas\u00e9e sur les int\u00e9r\u00eats de tiers apparaissant sur le site Web. Mediavine diffuse du contenu et des publicit\u00e9s lorsque vous visitez le site Web, qui peut utiliser des cookies propri\u00e9taires et tiers. Un cookie est un petit","og_url":"https:\/\/fpschampion.com\/fr\/confidentialite\/","og_site_name":"FPS Champion","article_modified_time":"2023-06-06T04:11:29+00:00","twitter_card":"summary_large_image","twitter_misc":{"Dur\u00e9e de lecture estim\u00e9e":"4 minutes"},"schema":{"@context":"https:\/\/schema.org","@graph":[{"@type":"WebPage","@id":"https:\/\/fpschampion.com\/fr\/confidentialite\/","url":"https:\/\/fpschampion.com\/fr\/confidentialite\/","name":"Confidentialit\u00e9 | FPS Champion","isPartOf":{"@id":"https:\/\/fpschampion.com\/fr\/#website"},"datePublished":"2021-08-20T01:25:57+00:00","dateModified":"2023-06-06T04:11:29+00:00","breadcrumb":{"@id":"https:\/\/fpschampion.com\/fr\/confidentialite\/#breadcrumb"},"inLanguage":"fr-FR","potentialAction":[{"@type":"ReadAction","target":["https:\/\/fpschampion.com\/fr\/confidentialite\/"]}]},{"@type":"BreadcrumbList","@id":"https:\/\/fpschampion.com\/fr\/confidentialite\/#breadcrumb","itemListElement":[{"@type":"ListItem","position":1,"name":"Home","item":"https:\/\/fpschampion.com\/fr\/accueil\/"},{"@type":"ListItem","position":2,"name":"Confidentialit\u00e9"}]},{"@type":"WebSite","@id":"https:\/\/fpschampion.com\/fr\/#website","url":"https:\/\/fpschampion.com\/fr\/","name":"FPS Champion","description":"","publisher":{"@id":"https:\/\/fpschampion.com\/fr\/#organization"},"potentialAction":[{"@type":"SearchAction","target":{"@type":"EntryPoint","urlTemplate":"https:\/\/fpschampion.com\/fr\/?s={search_term_string}"},"query-input":{"@type":"PropertyValueSpecification","valueRequired":true,"valueName":"search_term_string"}}],"inLanguage":"fr-FR"},{"@type":"Organization","@id":"https:\/\/fpschampion.com\/fr\/#organization","name":"FPS Champion","url":"https:\/\/fpschampion.com\/fr\/","logo":{"@type":"ImageObject","inLanguage":"fr-FR","@id":"https:\/\/fpschampion.com\/fr\/#\/schema\/logo\/image\/","url":"https:\/\/fpschampion.com\/wp-content\/uploads\/2022\/03\/cropped-logo-aquare-small.png","contentUrl":"https:\/\/fpschampion.com\/wp-content\/uploads\/2022\/03\/cropped-logo-aquare-small.png","width":512,"height":512,"caption":"FPS Champion"},"image":{"@id":"https:\/\/fpschampion.com\/fr\/#\/schema\/logo\/image\/"}}]}},"_links":{"self":[{"href":"https:\/\/fpschampion.com\/fr\/wp-json\/wp\/v2\/pages\/33157","targetHints":{"allow":["GET"]}}],"collection":[{"href":"https:\/\/fpschampion.com\/fr\/wp-json\/wp\/v2\/pages"}],"about":[{"href":"https:\/\/fpschampion.com\/fr\/wp-json\/wp\/v2\/types\/page"}],"author":[{"embeddable":true,"href":"https:\/\/fpschampion.com\/fr\/wp-json\/wp\/v2\/users\/1"}],"replies":[{"embeddable":true,"href":"https:\/\/fpschampion.com\/fr\/wp-json\/wp\/v2\/comments?post=33157"}],"version-history":[{"count":1,"href":"https:\/\/fpschampion.com\/fr\/wp-json\/wp\/v2\/pages\/33157\/revisions"}],"predecessor-version":[{"id":33158,"href":"https:\/\/fpschampion.com\/fr\/wp-json\/wp\/v2\/pages\/33157\/revisions\/33158"}],"wp:attachment":[{"href":"https:\/\/fpschampion.com\/fr\/wp-json\/wp\/v2\/media?parent=33157"}],"curies":[{"name":"wp","href":"https:\/\/api.w.org\/{rel}","templated":true}]}}