{"id":33171,"date":"2021-08-20T01:15:45","date_gmt":"2021-08-20T01:15:45","guid":{"rendered":"https:\/\/fpschampion.com\/acerca-de\/"},"modified":"2023-06-06T04:14:27","modified_gmt":"2023-06-06T04:14:27","slug":"acerca-de","status":"publish","type":"page","link":"https:\/\/fpschampion.com\/es\/acerca-de\/","title":{"rendered":"Acerca de"},"content":{"rendered":"\n<p> \u00bfQuieres mejorar tus habilidades de tirador en primera persona? Has venido al lugar correcto. FPS Champion se dedica a ayudarlo a alcanzar su potencial en Valorant, CSGO y Overwatch. Ya sea que sea un principiante total o un profesional experimentado, encontrar\u00e1 algo \u00fatil aqu\u00ed. <\/p>\n","protected":false},"excerpt":{"rendered":"<p>\u00bfQuieres mejorar tus habilidades de tirador en primera persona? Has venido al lugar correcto. FPS Champion se dedica a ayudarlo a alcanzar su potencial en Valorant, CSGO y Overwatch. Ya sea que sea un principiante total o un profesional experimentado, encontrar\u00e1 algo \u00fatil aqu\u00ed.<\/p>\n","protected":false},"author":1,"featured_media":0,"parent":0,"menu_order":0,"comment_status":"closed","ping_status":"closed","template":"","meta":{"_relevanssi_hide_post":"","_relevanssi_hide_content":"","_relevanssi_pin_for_all":"","_relevanssi_pin_keywords":"","_relevanssi_unpin_keywords":"","_relevanssi_related_keywords":"","_relevanssi_related_include_ids":"","_relevanssi_related_exclude_ids":"","_relevanssi_related_no_append":"","_relevanssi_related_not_related":"","_relevanssi_related_posts":"","_relevanssi_noindex_reason":"","_monsterinsights_skip_tracking":false,"_monsterinsights_sitenote_active":false,"_monsterinsights_sitenote_note":"","_monsterinsights_sitenote_category":0,"footnotes":""},"class_list":["post-33171","page","type-page","status-publish"],"yoast_head":"<!-- This site is optimized with the Yoast SEO Premium plugin v21.5 (Yoast SEO v27.4) - https:\/\/yoast.com\/product\/yoast-seo-premium-wordpress\/ -->\n<title>Acerca de | FPS Champion<\/title>\n<meta name=\"robots\" content=\"index, follow, max-snippet:-1, max-image-preview:large, max-video-preview:-1\" \/>\n<link rel=\"canonical\" href=\"https:\/\/fpschampion.com\/es\/acerca-de\/\" \/>\n<meta property=\"og:locale\" content=\"es_ES\" \/>\n<meta property=\"og:type\" content=\"article\" \/>\n<meta property=\"og:title\" content=\"Acerca de\" \/>\n<meta property=\"og:description\" content=\"\u00bfQuieres mejorar tus habilidades de tirador en primera persona? Has venido al lugar correcto. FPS Champion se dedica a ayudarlo a alcanzar su potencial en Valorant, CSGO y Overwatch. Ya sea que sea un principiante total o un profesional experimentado, encontrar\u00e1 algo \u00fatil aqu\u00ed.\" \/>\n<meta property=\"og:url\" content=\"https:\/\/fpschampion.com\/es\/acerca-de\/\" \/>\n<meta property=\"og:site_name\" content=\"FPS Champion\" \/>\n<meta property=\"article:modified_time\" content=\"2023-06-06T04:14:27+00:00\" \/>\n<meta name=\"twitter:card\" content=\"summary_large_image\" \/>\n<script type=\"application\/ld+json\" class=\"yoast-schema-graph\">{\"@context\":\"https:\\\/\\\/schema.org\",\"@graph\":[{\"@type\":\"WebPage\",\"@id\":\"https:\\\/\\\/fpschampion.com\\\/es\\\/acerca-de\\\/\",\"url\":\"https:\\\/\\\/fpschampion.com\\\/es\\\/acerca-de\\\/\",\"name\":\"Acerca de | FPS Champion\",\"isPartOf\":{\"@id\":\"https:\\\/\\\/fpschampion.com\\\/es\\\/#website\"},\"datePublished\":\"2021-08-20T01:15:45+00:00\",\"dateModified\":\"2023-06-06T04:14:27+00:00\",\"breadcrumb\":{\"@id\":\"https:\\\/\\\/fpschampion.com\\\/es\\\/acerca-de\\\/#breadcrumb\"},\"inLanguage\":\"es\",\"potentialAction\":[{\"@type\":\"ReadAction\",\"target\":[\"https:\\\/\\\/fpschampion.com\\\/es\\\/acerca-de\\\/\"]}]},{\"@type\":\"BreadcrumbList\",\"@id\":\"https:\\\/\\\/fpschampion.com\\\/es\\\/acerca-de\\\/#breadcrumb\",\"itemListElement\":[{\"@type\":\"ListItem\",\"position\":1,\"name\":\"Home\",\"item\":\"https:\\\/\\\/fpschampion.com\\\/es\\\/inicio\\\/\"},{\"@type\":\"ListItem\",\"position\":2,\"name\":\"Acerca de\"}]},{\"@type\":\"WebSite\",\"@id\":\"https:\\\/\\\/fpschampion.com\\\/es\\\/#website\",\"url\":\"https:\\\/\\\/fpschampion.com\\\/es\\\/\",\"name\":\"FPS Champion\",\"description\":\"\",\"publisher\":{\"@id\":\"https:\\\/\\\/fpschampion.com\\\/es\\\/#organization\"},\"potentialAction\":[{\"@type\":\"SearchAction\",\"target\":{\"@type\":\"EntryPoint\",\"urlTemplate\":\"https:\\\/\\\/fpschampion.com\\\/es\\\/?s={search_term_string}\"},\"query-input\":{\"@type\":\"PropertyValueSpecification\",\"valueRequired\":true,\"valueName\":\"search_term_string\"}}],\"inLanguage\":\"es\"},{\"@type\":\"Organization\",\"@id\":\"https:\\\/\\\/fpschampion.com\\\/es\\\/#organization\",\"name\":\"FPS Champion\",\"url\":\"https:\\\/\\\/fpschampion.com\\\/es\\\/\",\"logo\":{\"@type\":\"ImageObject\",\"inLanguage\":\"es\",\"@id\":\"https:\\\/\\\/fpschampion.com\\\/es\\\/#\\\/schema\\\/logo\\\/image\\\/\",\"url\":\"https:\\\/\\\/fpschampion.com\\\/wp-content\\\/uploads\\\/2022\\\/03\\\/cropped-logo-aquare-small.png\",\"contentUrl\":\"https:\\\/\\\/fpschampion.com\\\/wp-content\\\/uploads\\\/2022\\\/03\\\/cropped-logo-aquare-small.png\",\"width\":512,\"height\":512,\"caption\":\"FPS Champion\"},\"image\":{\"@id\":\"https:\\\/\\\/fpschampion.com\\\/es\\\/#\\\/schema\\\/logo\\\/image\\\/\"}}]}<\/script>\n<!-- \/ Yoast SEO Premium plugin. -->","yoast_head_json":{"title":"Acerca de | FPS Champion","robots":{"index":"index","follow":"follow","max-snippet":"max-snippet:-1","max-image-preview":"max-image-preview:large","max-video-preview":"max-video-preview:-1"},"canonical":"https:\/\/fpschampion.com\/es\/acerca-de\/","og_locale":"es_ES","og_type":"article","og_title":"Acerca de","og_description":"\u00bfQuieres mejorar tus habilidades de tirador en primera persona? Has venido al lugar correcto. FPS Champion se dedica a ayudarlo a alcanzar su potencial en Valorant, CSGO y Overwatch. Ya sea que sea un principiante total o un profesional experimentado, encontrar\u00e1 algo \u00fatil aqu\u00ed.","og_url":"https:\/\/fpschampion.com\/es\/acerca-de\/","og_site_name":"FPS Champion","article_modified_time":"2023-06-06T04:14:27+00:00","twitter_card":"summary_large_image","schema":{"@context":"https:\/\/schema.org","@graph":[{"@type":"WebPage","@id":"https:\/\/fpschampion.com\/es\/acerca-de\/","url":"https:\/\/fpschampion.com\/es\/acerca-de\/","name":"Acerca de | FPS Champion","isPartOf":{"@id":"https:\/\/fpschampion.com\/es\/#website"},"datePublished":"2021-08-20T01:15:45+00:00","dateModified":"2023-06-06T04:14:27+00:00","breadcrumb":{"@id":"https:\/\/fpschampion.com\/es\/acerca-de\/#breadcrumb"},"inLanguage":"es","potentialAction":[{"@type":"ReadAction","target":["https:\/\/fpschampion.com\/es\/acerca-de\/"]}]},{"@type":"BreadcrumbList","@id":"https:\/\/fpschampion.com\/es\/acerca-de\/#breadcrumb","itemListElement":[{"@type":"ListItem","position":1,"name":"Home","item":"https:\/\/fpschampion.com\/es\/inicio\/"},{"@type":"ListItem","position":2,"name":"Acerca de"}]},{"@type":"WebSite","@id":"https:\/\/fpschampion.com\/es\/#website","url":"https:\/\/fpschampion.com\/es\/","name":"FPS Champion","description":"","publisher":{"@id":"https:\/\/fpschampion.com\/es\/#organization"},"potentialAction":[{"@type":"SearchAction","target":{"@type":"EntryPoint","urlTemplate":"https:\/\/fpschampion.com\/es\/?s={search_term_string}"},"query-input":{"@type":"PropertyValueSpecification","valueRequired":true,"valueName":"search_term_string"}}],"inLanguage":"es"},{"@type":"Organization","@id":"https:\/\/fpschampion.com\/es\/#organization","name":"FPS Champion","url":"https:\/\/fpschampion.com\/es\/","logo":{"@type":"ImageObject","inLanguage":"es","@id":"https:\/\/fpschampion.com\/es\/#\/schema\/logo\/image\/","url":"https:\/\/fpschampion.com\/wp-content\/uploads\/2022\/03\/cropped-logo-aquare-small.png","contentUrl":"https:\/\/fpschampion.com\/wp-content\/uploads\/2022\/03\/cropped-logo-aquare-small.png","width":512,"height":512,"caption":"FPS Champion"},"image":{"@id":"https:\/\/fpschampion.com\/es\/#\/schema\/logo\/image\/"}}]}},"_links":{"self":[{"href":"https:\/\/fpschampion.com\/es\/wp-json\/wp\/v2\/pages\/33171","targetHints":{"allow":["GET"]}}],"collection":[{"href":"https:\/\/fpschampion.com\/es\/wp-json\/wp\/v2\/pages"}],"about":[{"href":"https:\/\/fpschampion.com\/es\/wp-json\/wp\/v2\/types\/page"}],"author":[{"embeddable":true,"href":"https:\/\/fpschampion.com\/es\/wp-json\/wp\/v2\/users\/1"}],"replies":[{"embeddable":true,"href":"https:\/\/fpschampion.com\/es\/wp-json\/wp\/v2\/comments?post=33171"}],"version-history":[{"count":1,"href":"https:\/\/fpschampion.com\/es\/wp-json\/wp\/v2\/pages\/33171\/revisions"}],"predecessor-version":[{"id":33172,"href":"https:\/\/fpschampion.com\/es\/wp-json\/wp\/v2\/pages\/33171\/revisions\/33172"}],"wp:attachment":[{"href":"https:\/\/fpschampion.com\/es\/wp-json\/wp\/v2\/media?parent=33171"}],"curies":[{"name":"wp","href":"https:\/\/api.w.org\/{rel}","templated":true}]}}