{"id":33155,"date":"2021-08-20T01:25:57","date_gmt":"2021-08-20T01:25:57","guid":{"rendered":"https:\/\/fpschampion.com\/privacidad\/"},"modified":"2023-06-06T04:11:12","modified_gmt":"2023-06-06T04:11:12","slug":"privacidad","status":"publish","type":"page","link":"https:\/\/fpschampion.com\/es\/privacidad\/","title":{"rendered":"Privacidad"},"content":{"rendered":"\n<span data-ccpa-link=\"1\"><\/span>\n\n<a href=\"https:\/\/www.iubenda.com\/privacy-policy\/67897860\" class=\"iubenda-white no-brand iubenda-noiframe iubenda-embed iubenda-noiframe iub-body-embed\" title=\"pol\u00edtica de privacidad\">pol\u00edtica de privacidad<\/a><script type=\"text\/javascript\">(function (w,d) {var loader = function () {var s = d.createElement(\"script\"), tag = d.getElementsByTagName(\"script\")[0]; s.src=\"https:\/\/cdn.iubenda.com\/iubenda.js\"; tag.parentNode.insertBefore(s,tag);}; if(w.addEventListener){w.addEventListener(\"load\", loader, false);}else if(w.attachEvent){w.attachEvent(\"onload\", loader);}else{w.onload = loader;>(window, document);<\/script>\n\n<h3>Publicidad program\u00e1tica de Mediavine (Ver 1.1)<\/h3>\n<p>El sitio web trabaja con Mediavine para administrar la publicidad basada en intereses de terceros que aparece en el sitio web. Mediavine sirve contenido y anuncios cuando visita el sitio web, que puede utilizar cookies propias y de terceros. Una cookie es un peque\u00f1o archivo de texto que el servidor web env\u00eda a su computadora o dispositivo m\u00f3vil (referido en esta pol\u00edtica como un \u00abdispositivo\u00bb) para que un sitio web pueda recordar cierta informaci\u00f3n sobre su actividad de navegaci\u00f3n en el sitio web.<\/p>\n<p>Las cookies de origen son creadas por el sitio web que est\u00e1 visitando. Una cookie de terceros se usa con frecuencia en publicidad y an\u00e1lisis de comportamiento y es creada por un dominio que no es el sitio web que est\u00e1 visitando. Las cookies, etiquetas, p\u00edxeles, balizas y otras tecnolog\u00edas similares de terceros (colectivamente, \u00abEtiquetas\u00bb) se pueden colocar en el sitio web para monitorear la interacci\u00f3n con el contenido publicitario y para orientar y optimizar la publicidad. Cada navegador de Internet tiene una funcionalidad que le permite bloquear las cookies propias y de terceros y borrar la memoria cach\u00e9 de su navegador. La funci\u00f3n de \u00abayuda\u00bb de la barra de men\u00fa en la mayor\u00eda de los navegadores le dir\u00e1 c\u00f3mo dejar de aceptar nuevas cookies, c\u00f3mo recibir notificaciones de nuevas cookies, c\u00f3mo deshabilitar las cookies existentes y c\u00f3mo borrar el cach\u00e9 de su navegador. Para obtener m\u00e1s informaci\u00f3n sobre las cookies y c\u00f3mo deshabilitarlas, puede consultar la informaci\u00f3n en <a href=\"https:\/\/www.allaboutcookies.org\/manage-cookies\/\" target=\"_blank\" rel=\"noreferrer noopener nofollow\">Todo sobre las cookies<\/a> .<\/p>\n<p>Sin las cookies, es posible que no pueda aprovechar al m\u00e1ximo el contenido y las caracter\u00edsticas del sitio web. Tenga en cuenta que rechazar las cookies no significa que ya no ver\u00e1 anuncios cuando visite nuestro Sitio. En el caso de que opte por no participar, seguir\u00e1 viendo anuncios no personalizados en el sitio web.<\/p>\n<p>El sitio web recopila los siguientes datos mediante una cookie cuando publica anuncios personalizados:<\/p>\n<ul><li>Direcci\u00f3n IP<\/li><li>Tipo de sistema operativo<\/li><li>Versi\u00f3n del sistema operativo<\/li><li>Tipo de dispositivo<\/li><li>Idioma del sitio web<\/li><li>tipo de navegador web<\/li><li>Correo electr\u00f3nico (en formato hash)<\/li><\/ul>\n<p>Los socios de Mediavine (empresas enumeradas a continuaci\u00f3n con las que Mediavine comparte datos) tambi\u00e9n pueden usar estos datos para vincular a otra informaci\u00f3n del usuario final que el socio haya recopilado de forma independiente para entregar anuncios dirigidos. Los socios de Mediavine tambi\u00e9n pueden recopilar por separado datos sobre los usuarios finales de otras fuentes, como ID de publicidad o p\u00edxeles, y vincular esos datos a los datos recopilados de los editores de Mediavine para proporcionar publicidad basada en intereses en toda su experiencia en l\u00ednea, incluidos dispositivos, navegadores y aplicaciones. . Estos datos incluyen datos de uso, informaci\u00f3n de cookies, informaci\u00f3n del dispositivo, informaci\u00f3n sobre interacciones entre usuarios y anuncios y sitios web, datos de geolocalizaci\u00f3n, datos de tr\u00e1fico e informaci\u00f3n sobre la fuente de referencia de un visitante a un sitio web en particular. Los socios de Mediavine tambi\u00e9n pueden crear identificaciones \u00fanicas para crear segmentos de audiencia, que se utilizan para proporcionar publicidad dirigida.<\/p>\n<p>Si desea obtener m\u00e1s informaci\u00f3n sobre esta pr\u00e1ctica y conocer sus opciones para participar o excluirse de esta recopilaci\u00f3n de datos, visite <a href=\"https:\/\/thenai.org\/opt-out\/\" target=\"_blank\" rel=\"noreferrer noopener nofollow\">la p\u00e1gina de exclusi\u00f3n de la Iniciativa Nacional de Publicidad<\/a> . Tambi\u00e9n puede visitar <a href=\"http:\/\/optout.aboutads.info\/#\/\" target=\"_blank\" rel=\"noreferrer noopener nofollow\">el sitio web de Digital Advertising Alliance<\/a> y <a href=\"http:\/\/optout.networkadvertising.org\/#\" target=\"_blank\" rel=\"noreferrer noopener nofollow\">el sitio web de Network Advertising Initiative<\/a> para obtener m\u00e1s informaci\u00f3n sobre la publicidad basada en intereses. Puede descargar la aplicaci\u00f3n AppChoices en <a href=\"https:\/\/youradchoices.com\/appchoices\" target=\"_blank\" rel=\"noreferrer noopener nofollow\">la aplicaci\u00f3n AppChoices de Digital Advertising Alliance<\/a> para optar por no participar en relaci\u00f3n con las aplicaciones m\u00f3viles, o usar los controles de la plataforma en su dispositivo m\u00f3vil para optar por no participar.<\/p>\n<p>Para obtener informaci\u00f3n espec\u00edfica sobre Mediavine Partners, los datos que cada uno recopila y sus pol\u00edticas de privacidad y recopilaci\u00f3n de datos, visite <a href=\"https:\/\/www.mediavine.com\/ad-partners\/\" target=\"_blank\" rel=\"noreferrer noopener nofollow\">Mediavine Partners<\/a> .<\/p>\n","protected":false},"excerpt":{"rendered":"<p>pol\u00edtica de privacidad Publicidad program\u00e1tica de Mediavine (Ver 1.1) El sitio web trabaja con Mediavine para administrar la publicidad basada en intereses de terceros que aparece en el sitio web. Mediavine sirve contenido y anuncios cuando visita el sitio web, que puede utilizar cookies propias y de terceros. Una cookie es un peque\u00f1o archivo de<\/p>\n","protected":false},"author":1,"featured_media":0,"parent":0,"menu_order":0,"comment_status":"closed","ping_status":"closed","template":"","meta":{"_relevanssi_hide_post":"","_relevanssi_hide_content":"","_relevanssi_pin_for_all":"","_relevanssi_pin_keywords":"","_relevanssi_unpin_keywords":"","_relevanssi_related_keywords":"","_relevanssi_related_include_ids":"","_relevanssi_related_exclude_ids":"","_relevanssi_related_no_append":"","_relevanssi_related_not_related":"","_relevanssi_related_posts":"","_relevanssi_noindex_reason":"","_monsterinsights_skip_tracking":false,"_monsterinsights_sitenote_active":false,"_monsterinsights_sitenote_note":"","_monsterinsights_sitenote_category":0,"footnotes":""},"class_list":["post-33155","page","type-page","status-publish"],"yoast_head":"<!-- This site is optimized with the Yoast SEO Premium plugin v21.5 (Yoast SEO v27.6) - https:\/\/yoast.com\/product\/yoast-seo-premium-wordpress\/ -->\n<title>Privacidad | FPS Champion<\/title>\n<meta name=\"robots\" content=\"index, follow, max-snippet:-1, max-image-preview:large, max-video-preview:-1\" \/>\n<link rel=\"canonical\" href=\"https:\/\/fpschampion.com\/es\/privacidad\/\" \/>\n<meta property=\"og:locale\" content=\"es_ES\" \/>\n<meta property=\"og:type\" content=\"article\" \/>\n<meta property=\"og:title\" content=\"Privacidad\" \/>\n<meta property=\"og:description\" content=\"pol\u00edtica de privacidad Publicidad program\u00e1tica de Mediavine (Ver 1.1) El sitio web trabaja con Mediavine para administrar la publicidad basada en intereses de terceros que aparece en el sitio web. Mediavine sirve contenido y anuncios cuando visita el sitio web, que puede utilizar cookies propias y de terceros. Una cookie es un peque\u00f1o archivo de\" \/>\n<meta property=\"og:url\" content=\"https:\/\/fpschampion.com\/es\/privacidad\/\" \/>\n<meta property=\"og:site_name\" content=\"FPS Champion\" \/>\n<meta property=\"article:modified_time\" content=\"2023-06-06T04:11:12+00:00\" \/>\n<meta name=\"twitter:card\" content=\"summary_large_image\" \/>\n<meta name=\"twitter:label1\" content=\"Tiempo de lectura\" \/>\n\t<meta name=\"twitter:data1\" content=\"3 minutos\" \/>\n<script type=\"application\/ld+json\" class=\"yoast-schema-graph\">{\"@context\":\"https:\\\/\\\/schema.org\",\"@graph\":[{\"@type\":\"WebPage\",\"@id\":\"https:\\\/\\\/fpschampion.com\\\/es\\\/privacidad\\\/\",\"url\":\"https:\\\/\\\/fpschampion.com\\\/es\\\/privacidad\\\/\",\"name\":\"Privacidad | FPS Champion\",\"isPartOf\":{\"@id\":\"https:\\\/\\\/fpschampion.com\\\/es\\\/#website\"},\"datePublished\":\"2021-08-20T01:25:57+00:00\",\"dateModified\":\"2023-06-06T04:11:12+00:00\",\"breadcrumb\":{\"@id\":\"https:\\\/\\\/fpschampion.com\\\/es\\\/privacidad\\\/#breadcrumb\"},\"inLanguage\":\"es\",\"potentialAction\":[{\"@type\":\"ReadAction\",\"target\":[\"https:\\\/\\\/fpschampion.com\\\/es\\\/privacidad\\\/\"]}]},{\"@type\":\"BreadcrumbList\",\"@id\":\"https:\\\/\\\/fpschampion.com\\\/es\\\/privacidad\\\/#breadcrumb\",\"itemListElement\":[{\"@type\":\"ListItem\",\"position\":1,\"name\":\"Home\",\"item\":\"https:\\\/\\\/fpschampion.com\\\/es\\\/inicio\\\/\"},{\"@type\":\"ListItem\",\"position\":2,\"name\":\"Privacidad\"}]},{\"@type\":\"WebSite\",\"@id\":\"https:\\\/\\\/fpschampion.com\\\/es\\\/#website\",\"url\":\"https:\\\/\\\/fpschampion.com\\\/es\\\/\",\"name\":\"FPS Champion\",\"description\":\"\",\"publisher\":{\"@id\":\"https:\\\/\\\/fpschampion.com\\\/es\\\/#organization\"},\"potentialAction\":[{\"@type\":\"SearchAction\",\"target\":{\"@type\":\"EntryPoint\",\"urlTemplate\":\"https:\\\/\\\/fpschampion.com\\\/es\\\/?s={search_term_string}\"},\"query-input\":{\"@type\":\"PropertyValueSpecification\",\"valueRequired\":true,\"valueName\":\"search_term_string\"}}],\"inLanguage\":\"es\"},{\"@type\":\"Organization\",\"@id\":\"https:\\\/\\\/fpschampion.com\\\/es\\\/#organization\",\"name\":\"FPS Champion\",\"url\":\"https:\\\/\\\/fpschampion.com\\\/es\\\/\",\"logo\":{\"@type\":\"ImageObject\",\"inLanguage\":\"es\",\"@id\":\"https:\\\/\\\/fpschampion.com\\\/es\\\/#\\\/schema\\\/logo\\\/image\\\/\",\"url\":\"https:\\\/\\\/fpschampion.com\\\/wp-content\\\/uploads\\\/2022\\\/03\\\/cropped-logo-aquare-small.png\",\"contentUrl\":\"https:\\\/\\\/fpschampion.com\\\/wp-content\\\/uploads\\\/2022\\\/03\\\/cropped-logo-aquare-small.png\",\"width\":512,\"height\":512,\"caption\":\"FPS Champion\"},\"image\":{\"@id\":\"https:\\\/\\\/fpschampion.com\\\/es\\\/#\\\/schema\\\/logo\\\/image\\\/\"}}]}<\/script>\n<!-- \/ Yoast SEO Premium plugin. -->","yoast_head_json":{"title":"Privacidad | FPS Champion","robots":{"index":"index","follow":"follow","max-snippet":"max-snippet:-1","max-image-preview":"max-image-preview:large","max-video-preview":"max-video-preview:-1"},"canonical":"https:\/\/fpschampion.com\/es\/privacidad\/","og_locale":"es_ES","og_type":"article","og_title":"Privacidad","og_description":"pol\u00edtica de privacidad Publicidad program\u00e1tica de Mediavine (Ver 1.1) El sitio web trabaja con Mediavine para administrar la publicidad basada en intereses de terceros que aparece en el sitio web. Mediavine sirve contenido y anuncios cuando visita el sitio web, que puede utilizar cookies propias y de terceros. Una cookie es un peque\u00f1o archivo de","og_url":"https:\/\/fpschampion.com\/es\/privacidad\/","og_site_name":"FPS Champion","article_modified_time":"2023-06-06T04:11:12+00:00","twitter_card":"summary_large_image","twitter_misc":{"Tiempo de lectura":"3 minutos"},"schema":{"@context":"https:\/\/schema.org","@graph":[{"@type":"WebPage","@id":"https:\/\/fpschampion.com\/es\/privacidad\/","url":"https:\/\/fpschampion.com\/es\/privacidad\/","name":"Privacidad | FPS Champion","isPartOf":{"@id":"https:\/\/fpschampion.com\/es\/#website"},"datePublished":"2021-08-20T01:25:57+00:00","dateModified":"2023-06-06T04:11:12+00:00","breadcrumb":{"@id":"https:\/\/fpschampion.com\/es\/privacidad\/#breadcrumb"},"inLanguage":"es","potentialAction":[{"@type":"ReadAction","target":["https:\/\/fpschampion.com\/es\/privacidad\/"]}]},{"@type":"BreadcrumbList","@id":"https:\/\/fpschampion.com\/es\/privacidad\/#breadcrumb","itemListElement":[{"@type":"ListItem","position":1,"name":"Home","item":"https:\/\/fpschampion.com\/es\/inicio\/"},{"@type":"ListItem","position":2,"name":"Privacidad"}]},{"@type":"WebSite","@id":"https:\/\/fpschampion.com\/es\/#website","url":"https:\/\/fpschampion.com\/es\/","name":"FPS Champion","description":"","publisher":{"@id":"https:\/\/fpschampion.com\/es\/#organization"},"potentialAction":[{"@type":"SearchAction","target":{"@type":"EntryPoint","urlTemplate":"https:\/\/fpschampion.com\/es\/?s={search_term_string}"},"query-input":{"@type":"PropertyValueSpecification","valueRequired":true,"valueName":"search_term_string"}}],"inLanguage":"es"},{"@type":"Organization","@id":"https:\/\/fpschampion.com\/es\/#organization","name":"FPS Champion","url":"https:\/\/fpschampion.com\/es\/","logo":{"@type":"ImageObject","inLanguage":"es","@id":"https:\/\/fpschampion.com\/es\/#\/schema\/logo\/image\/","url":"https:\/\/fpschampion.com\/wp-content\/uploads\/2022\/03\/cropped-logo-aquare-small.png","contentUrl":"https:\/\/fpschampion.com\/wp-content\/uploads\/2022\/03\/cropped-logo-aquare-small.png","width":512,"height":512,"caption":"FPS Champion"},"image":{"@id":"https:\/\/fpschampion.com\/es\/#\/schema\/logo\/image\/"}}]}},"_links":{"self":[{"href":"https:\/\/fpschampion.com\/es\/wp-json\/wp\/v2\/pages\/33155","targetHints":{"allow":["GET"]}}],"collection":[{"href":"https:\/\/fpschampion.com\/es\/wp-json\/wp\/v2\/pages"}],"about":[{"href":"https:\/\/fpschampion.com\/es\/wp-json\/wp\/v2\/types\/page"}],"author":[{"embeddable":true,"href":"https:\/\/fpschampion.com\/es\/wp-json\/wp\/v2\/users\/1"}],"replies":[{"embeddable":true,"href":"https:\/\/fpschampion.com\/es\/wp-json\/wp\/v2\/comments?post=33155"}],"version-history":[{"count":1,"href":"https:\/\/fpschampion.com\/es\/wp-json\/wp\/v2\/pages\/33155\/revisions"}],"predecessor-version":[{"id":33156,"href":"https:\/\/fpschampion.com\/es\/wp-json\/wp\/v2\/pages\/33155\/revisions\/33156"}],"wp:attachment":[{"href":"https:\/\/fpschampion.com\/es\/wp-json\/wp\/v2\/media?parent=33155"}],"curies":[{"name":"wp","href":"https:\/\/api.w.org\/{rel}","templated":true}]}}